{"id":38,"date":"2020-05-13T11:12:34","date_gmt":"2020-05-13T11:12:34","guid":{"rendered":"http:\/\/www.espoirsthubert.ca\/wp\/?page_id=38"},"modified":"2023-12-01T15:46:15","modified_gmt":"2023-12-01T20:46:15","slug":"accueil","status":"publish","type":"page","link":"https:\/\/www.espoirsthubert.ca\/wp\/","title":{"rendered":"Bienvenue"},"content":{"rendered":"<div class=\"wp-block-image is-resized\">\n<figure class=\"aligncenter size-large\"><img loading=\"lazy\" decoding=\"async\" width=\"1024\" height=\"458\" src=\"http:\/\/www.espoirsthubert.ca\/wp\/wp-content\/uploads\/2023\/02\/cropped-EspoirSaintHubert_Logo__Couleurs-1024x458.png\" alt=\"\" class=\"wp-image-152\" srcset=\"https:\/\/www.espoirsthubert.ca\/wp\/wp-content\/uploads\/2023\/02\/cropped-EspoirSaintHubert_Logo__Couleurs-1024x458.png 1024w, https:\/\/www.espoirsthubert.ca\/wp\/wp-content\/uploads\/2023\/02\/cropped-EspoirSaintHubert_Logo__Couleurs-300x134.png 300w, https:\/\/www.espoirsthubert.ca\/wp\/wp-content\/uploads\/2023\/02\/cropped-EspoirSaintHubert_Logo__Couleurs-768x343.png 768w, https:\/\/www.espoirsthubert.ca\/wp\/wp-content\/uploads\/2023\/02\/cropped-EspoirSaintHubert_Logo__Couleurs-1536x686.png 1536w, https:\/\/www.espoirsthubert.ca\/wp\/wp-content\/uploads\/2023\/02\/cropped-EspoirSaintHubert_Logo__Couleurs.png 1600w\" sizes=\"auto, (max-width: 1024px) 100vw, 1024px\" \/><\/figure>\n<\/div>\n\n\n<h1 class=\"wp-block-heading has-text-align-center\">Un phare qui brille pour la connaissance et l&rsquo;amour de J\u00e9sus-Christ dans notre g\u00e9n\u00e9ration et dans toutes les nations !<\/h1>\n\n\n\n<p><\/p>\n\n\n\n<figure class=\"wp-block-table\"><table><tbody><tr><td><strong>C\u00e9l\u00e9bration<\/strong><br><strong>Dimanche \u00e0 10 h<\/strong><br><br>Chaque dimanche nous nous r\u00e9unissons pour louer le Seigneur et pour entendre sa Parole. Une garderie et des classes d&rsquo;\u00e9cole du dimanche pour les enfants sont offertes pendant le message biblique.<br><br><br><\/td><td><strong>Groupes de pri\u00e8re <\/strong><br><strong>Mercredi \u00e0 19 h 30<\/strong><br><br>Nous avons diff\u00e9rents groupes de croissance et de pri\u00e8re qui se r\u00e9unissent pendant la semaine. Tous les mercredis en soir\u00e9e, un groupe se rencontre \u00e0 notre lieu de r\u00e9union principal pour \u00eatre \u00e9difi\u00e9 au travers des chants, des partages, une \u00e9tude biblique et la pri\u00e8re.<br><br><\/td><td><strong>JeunessEspoir (12 \u00e0 17 ans)<\/strong><br><strong>Vendredi \u00e0 19 h<\/strong><br><br>Notre groupe de jeunes se r\u00e9unit tous les vendredis soir pour diverses activit\u00e9s au b\u00e2timent de l&rsquo;\u00c9glise. Les rencontres ont pour but de d\u00e9velopper des liens entre les jeunes, de louer Dieu et apprendre \u00e0 le conna\u00eetre au travers d&rsquo;un enseignement biblique adapt\u00e9.<br><br><\/td><\/tr><\/tbody><\/table><\/figure>\n","protected":false},"excerpt":{"rendered":"<p>Un phare qui brille pour la connaissance et l&rsquo;amour de J\u00e9sus-Christ dans notre g\u00e9n\u00e9ration et dans toutes les nations ! C\u00e9l\u00e9brationDimanche \u00e0 10 h Chaque dimanche nous nous r\u00e9unissons pour [&hellip;]<\/p>\n","protected":false},"author":1,"featured_media":74,"parent":0,"menu_order":0,"comment_status":"closed","ping_status":"closed","template":"","meta":{"footnotes":""},"class_list":["post-38","page","type-page","status-publish","has-post-thumbnail","hentry"],"_links":{"self":[{"href":"https:\/\/www.espoirsthubert.ca\/wp\/wp-json\/wp\/v2\/pages\/38","targetHints":{"allow":["GET"]}}],"collection":[{"href":"https:\/\/www.espoirsthubert.ca\/wp\/wp-json\/wp\/v2\/pages"}],"about":[{"href":"https:\/\/www.espoirsthubert.ca\/wp\/wp-json\/wp\/v2\/types\/page"}],"author":[{"embeddable":true,"href":"https:\/\/www.espoirsthubert.ca\/wp\/wp-json\/wp\/v2\/users\/1"}],"replies":[{"embeddable":true,"href":"https:\/\/www.espoirsthubert.ca\/wp\/wp-json\/wp\/v2\/comments?post=38"}],"version-history":[{"count":37,"href":"https:\/\/www.espoirsthubert.ca\/wp\/wp-json\/wp\/v2\/pages\/38\/revisions"}],"predecessor-version":[{"id":310,"href":"https:\/\/www.espoirsthubert.ca\/wp\/wp-json\/wp\/v2\/pages\/38\/revisions\/310"}],"wp:featuredmedia":[{"embeddable":true,"href":"https:\/\/www.espoirsthubert.ca\/wp\/wp-json\/wp\/v2\/media\/74"}],"wp:attachment":[{"href":"https:\/\/www.espoirsthubert.ca\/wp\/wp-json\/wp\/v2\/media?parent=38"}],"curies":[{"name":"wp","href":"https:\/\/api.w.org\/{rel}","templated":true}]}}